{"id":2103,"date":"2023-01-24T12:14:53","date_gmt":"2023-01-24T12:14:53","guid":{"rendered":"https:\/\/caligrafiadivertida.com\/?page_id=2103"},"modified":"2023-01-24T12:15:53","modified_gmt":"2023-01-24T12:15:53","slug":"aviso-legal","status":"publish","type":"page","link":"https:\/\/caligrafiadivertida.com\/en\/aviso-legal\/","title":{"rendered":"Aviso legal"},"content":{"rendered":"<div data-elementor-type=\"wp-page\" data-elementor-id=\"2103\" class=\"elementor elementor-2103\">\n\t\t\t\t\t\t\t\t\t<section class=\"elementor-section elementor-top-section elementor-element elementor-element-76f509cc elementor-section-boxed elementor-section-height-default elementor-section-height-default\" data-id=\"76f509cc\" data-element_type=\"section\">\n\t\t\t\t\t\t<div class=\"elementor-container elementor-column-gap-default\">\n\t\t\t\t\t<div class=\"elementor-column elementor-col-100 elementor-top-column elementor-element elementor-element-63e985bb\" data-id=\"63e985bb\" data-element_type=\"column\">\n\t\t\t<div class=\"elementor-widget-wrap elementor-element-populated\">\n\t\t\t\t\t\t\t\t<div class=\"elementor-element elementor-element-fc8cbbb elementor-widget elementor-widget-heading\" data-id=\"fc8cbbb\" data-element_type=\"widget\" data-widget_type=\"heading.default\">\n\t\t\t\t<div class=\"elementor-widget-container\">\n\t\t\t<style>\/*! elementor - v3.11.2 - 22-02-2023 *\/\n.elementor-heading-title{padding:0;margin:0;line-height:1}.elementor-widget-heading .elementor-heading-title[class*=elementor-size-]>a{color:inherit;font-size:inherit;line-height:inherit}.elementor-widget-heading .elementor-heading-title.elementor-size-small{font-size:15px}.elementor-widget-heading .elementor-heading-title.elementor-size-medium{font-size:19px}.elementor-widget-heading .elementor-heading-title.elementor-size-large{font-size:29px}.elementor-widget-heading .elementor-heading-title.elementor-size-xl{font-size:39px}.elementor-widget-heading .elementor-heading-title.elementor-size-xxl{font-size:59px}<\/style><h2 class=\"elementor-heading-title elementor-size-default\">Aviso legal<\/h2>\t\t<\/div>\n\t\t\t\t<\/div>\n\t\t\t\t<div class=\"elementor-element elementor-element-6fe4efe4 elementor-widget elementor-widget-text-editor\" data-id=\"6fe4efe4\" data-element_type=\"widget\" data-widget_type=\"text-editor.default\">\n\t\t\t\t<div class=\"elementor-widget-container\">\n\t\t\t<style>\/*! elementor - v3.11.2 - 22-02-2023 *\/\n.elementor-widget-text-editor.elementor-drop-cap-view-stacked .elementor-drop-cap{background-color:#818a91;color:#fff}.elementor-widget-text-editor.elementor-drop-cap-view-framed .elementor-drop-cap{color:#818a91;border:3px solid;background-color:transparent}.elementor-widget-text-editor:not(.elementor-drop-cap-view-default) .elementor-drop-cap{margin-top:8px}.elementor-widget-text-editor:not(.elementor-drop-cap-view-default) .elementor-drop-cap-letter{width:1em;height:1em}.elementor-widget-text-editor .elementor-drop-cap{float:left;text-align:center;line-height:1;font-size:50px}.elementor-widget-text-editor .elementor-drop-cap-letter{display:inline-block}<\/style>\t\t\t\t<!-- wp:paragraph -->\n<p><strong>Ediciones Lola Pirindola<\/strong>, Sociedad Limitada (en lo sucesivo ELP), es la sociedad explotadora de los nombres comerciales y s\u00edmbolos distintivos \u201cLola Pirindola\u201d y del dominio lolapirindola.es, as\u00ed como de la plataforma digital publicada y alojada bajo dicho dominio (en adelante la web), puesta a disposici\u00f3n de sus usuarios con el fin de informar sobre su identidad corporativa, actividades, productos y servicios, as\u00ed como para poder ofrecer a los mismos distintos contenidos, herramientas, utilidades, productos y servicios. ELP es una empresa que se dedica a la edici\u00f3n y distribuci\u00f3n de material educativo y cuentos personalizados.&nbsp;<\/p>\n<!-- \/wp:paragraph -->\n\n<!-- wp:paragraph -->\n<p>De conformidad con lo exigido por la legislaci\u00f3n nacional vigente sobre Sociedad de la Informaci\u00f3n y Comercio Electr\u00f3nico, se informa a los usuarios de los datos sociales, fiscales y registrales de la entidad:<\/p>\n<!-- \/wp:paragraph -->\n\n<!-- wp:paragraph -->\n<p><strong>Domicilio Social<\/strong>: Avda. Nicol\u00e1s Cop\u00e9rnico, n\u00ba 8, Parque Tecnol\u00f3gico, CP 46980 Paterna (Spain)<\/p>\n<!-- \/wp:paragraph -->\n\n<!-- wp:paragraph -->\n<p><strong>Datos Registrales<\/strong>:&nbsp;Inscrita en el Registro Mercantil de&nbsp;Valencia,&nbsp;Tomo 8960, Libro 6245, Folio 194, Secci\u00f3n 8, Hoja V131413, Inscripci\u00f3n 1\u00aa,<\/p>\n<!-- \/wp:paragraph -->\n\n<!-- wp:paragraph -->\n<p><strong>C\u00f3digo de Identificaci\u00f3n Fiscal<\/strong>&nbsp;(C.I.F.):&nbsp;B98088859&nbsp;<\/p>\n<!-- \/wp:paragraph -->\n\n<!-- wp:paragraph -->\n<p><strong>Direcci\u00f3n Postal<\/strong>: Avda. Nicol\u00e1s Cop\u00e9rnico, n\u00ba 8, Parque Tecnol\u00f3gico, CP 46980 Paterna (Spain)<\/p>\n<!-- \/wp:paragraph -->\n\n<!-- wp:paragraph -->\n<p><strong>Direcci\u00f3n Electr\u00f3nica de Contacto<\/strong>: info@lolapirindola.es<\/p>\n<!-- \/wp:paragraph -->\n\n<!-- wp:paragraph -->\n<p><strong>Soporte<\/strong>: soporte@lolapirindola.es<\/p>\n<!-- \/wp:paragraph -->\t\t\t\t\t\t<\/div>\n\t\t\t\t<\/div>\n\t\t\t\t\t<\/div>\n\t\t<\/div>\n\t\t\t\t\t\t\t<\/div>\n\t\t<\/section>\n\t\t\t\t\t\t\t<\/div>","protected":false},"excerpt":{"rendered":"<p>Aviso legal Ediciones Lola Pirindola, Sociedad Limitada (en lo sucesivo ELP), es la sociedad explotadora de los nombres comerciales y s\u00edmbolos distintivos \u201cLola Pirindola\u201d y del dominio lolapirindola.es, as\u00ed como de la plataforma digital publicada y alojada bajo dicho dominio (en adelante la web), puesta a disposici\u00f3n de sus usuarios con el fin de informar &hellip; <br \/><a href=\"https:\/\/caligrafiadivertida.com\/en\/aviso-legal\/\" class=\"more-link\">Continue reading <span class=\"screen-reader-text\">Aviso legal<\/span><\/a><\/p>","protected":false},"author":1,"featured_media":0,"parent":0,"menu_order":0,"comment_status":"closed","ping_status":"closed","template":"elementor_header_footer","meta":{"jetpack_post_was_ever_published":false,"footnotes":""},"class_list":["post-2103","page","type-page","status-publish","hentry"],"aioseo_notices":[],"_links":{"self":[{"href":"https:\/\/caligrafiadivertida.com\/en\/wp-json\/wp\/v2\/pages\/2103","targetHints":{"allow":["GET"]}}],"collection":[{"href":"https:\/\/caligrafiadivertida.com\/en\/wp-json\/wp\/v2\/pages"}],"about":[{"href":"https:\/\/caligrafiadivertida.com\/en\/wp-json\/wp\/v2\/types\/page"}],"author":[{"embeddable":true,"href":"https:\/\/caligrafiadivertida.com\/en\/wp-json\/wp\/v2\/users\/1"}],"replies":[{"embeddable":true,"href":"https:\/\/caligrafiadivertida.com\/en\/wp-json\/wp\/v2\/comments?post=2103"}],"version-history":[{"count":4,"href":"https:\/\/caligrafiadivertida.com\/en\/wp-json\/wp\/v2\/pages\/2103\/revisions"}],"predecessor-version":[{"id":2107,"href":"https:\/\/caligrafiadivertida.com\/en\/wp-json\/wp\/v2\/pages\/2103\/revisions\/2107"}],"wp:attachment":[{"href":"https:\/\/caligrafiadivertida.com\/en\/wp-json\/wp\/v2\/media?parent=2103"}],"curies":[{"name":"wp","href":"https:\/\/api.w.org\/{rel}","templated":true}]}}