{"id":2109,"date":"2023-01-27T10:55:17","date_gmt":"2023-01-27T10:55:17","guid":{"rendered":"https:\/\/caligrafiadivertida.com\/?page_id=2109"},"modified":"2023-01-30T13:04:31","modified_gmt":"2023-01-30T13:04:31","slug":"colaboradores","status":"publish","type":"page","link":"https:\/\/caligrafiadivertida.com\/en\/colaboradores\/","title":{"rendered":"Colaboradores"},"content":{"rendered":"<div data-elementor-type=\"wp-page\" data-elementor-id=\"2109\" class=\"elementor elementor-2109\">\n\t\t\t\t\t\t\t\t\t<section class=\"elementor-section elementor-top-section elementor-element elementor-element-383dbda elementor-section-boxed elementor-section-height-default elementor-section-height-default\" data-id=\"383dbda\" data-element_type=\"section\">\n\t\t\t\t\t\t<div class=\"elementor-container elementor-column-gap-default\">\n\t\t\t\t\t<div class=\"elementor-column elementor-col-100 elementor-top-column elementor-element elementor-element-73477bf\" data-id=\"73477bf\" data-element_type=\"column\">\n\t\t\t<div class=\"elementor-widget-wrap elementor-element-populated\">\n\t\t\t\t\t\t\t\t<div class=\"elementor-element elementor-element-abc6ef6 elementor-widget elementor-widget-heading\" data-id=\"abc6ef6\" data-element_type=\"widget\" data-widget_type=\"heading.default\">\n\t\t\t\t<div class=\"elementor-widget-container\">\n\t\t\t<style>\/*! elementor - v3.11.2 - 22-02-2023 *\/\n.elementor-heading-title{padding:0;margin:0;line-height:1}.elementor-widget-heading .elementor-heading-title[class*=elementor-size-]>a{color:inherit;font-size:inherit;line-height:inherit}.elementor-widget-heading .elementor-heading-title.elementor-size-small{font-size:15px}.elementor-widget-heading .elementor-heading-title.elementor-size-medium{font-size:19px}.elementor-widget-heading .elementor-heading-title.elementor-size-large{font-size:29px}.elementor-widget-heading .elementor-heading-title.elementor-size-xl{font-size:39px}.elementor-widget-heading .elementor-heading-title.elementor-size-xxl{font-size:59px}<\/style><h3 class=\"elementor-heading-title elementor-size-default\">\u00bf Tienes una p\u00e1gina web? \u00bf Un blog, o un perfil en redes sociales con seguidores ?<\/h3>\t\t<\/div>\n\t\t\t\t<\/div>\n\t\t\t\t\t<\/div>\n\t\t<\/div>\n\t\t\t\t\t\t\t<\/div>\n\t\t<\/section>\n\t\t\t\t<section class=\"elementor-section elementor-top-section elementor-element elementor-element-a5f816d elementor-section-boxed elementor-section-height-default elementor-section-height-default\" data-id=\"a5f816d\" data-element_type=\"section\">\n\t\t\t\t\t\t<div class=\"elementor-container elementor-column-gap-default\">\n\t\t\t\t\t<div class=\"elementor-column elementor-col-100 elementor-top-column elementor-element elementor-element-34060d3\" data-id=\"34060d3\" data-element_type=\"column\">\n\t\t\t<div class=\"elementor-widget-wrap elementor-element-populated\">\n\t\t\t\t\t\t\t\t<div class=\"elementor-element elementor-element-2a540a2 elementor-widget elementor-widget-text-editor\" data-id=\"2a540a2\" data-element_type=\"widget\" data-widget_type=\"text-editor.default\">\n\t\t\t\t<div class=\"elementor-widget-container\">\n\t\t\t<style>\/*! elementor - v3.11.2 - 22-02-2023 *\/\n.elementor-widget-text-editor.elementor-drop-cap-view-stacked .elementor-drop-cap{background-color:#818a91;color:#fff}.elementor-widget-text-editor.elementor-drop-cap-view-framed .elementor-drop-cap{color:#818a91;border:3px solid;background-color:transparent}.elementor-widget-text-editor:not(.elementor-drop-cap-view-default) .elementor-drop-cap{margin-top:8px}.elementor-widget-text-editor:not(.elementor-drop-cap-view-default) .elementor-drop-cap-letter{width:1em;height:1em}.elementor-widget-text-editor .elementor-drop-cap{float:left;text-align:center;line-height:1;font-size:50px}.elementor-widget-text-editor .elementor-drop-cap-letter{display:inline-block}<\/style>\t\t\t\t<p>En este art\u00edculo vamos a mostrarte c\u00f3mo puedes <strong>beneficiarte recomendando nuestros productos<\/strong> utilizando la plataforma de afiliados de Amazon.<\/p><p>Lo primero es que tengas una cuenta en Amazon y as\u00ed poder darte de alta en el <strong>programa de afiliados<\/strong>, desde este enlace:<br \/><a href=\"https:\/\/afiliados.amazon.es\/\" target=\"_blank\" rel=\"noopener\">https:\/\/afiliados.amazon.es\/<\/a><\/p>\t\t\t\t\t\t<\/div>\n\t\t\t\t<\/div>\n\t\t\t\t\t<\/div>\n\t\t<\/div>\n\t\t\t\t\t\t\t<\/div>\n\t\t<\/section>\n\t\t\t\t<section class=\"elementor-section elementor-top-section elementor-element elementor-element-da67789 elementor-section-boxed elementor-section-height-default elementor-section-height-default\" data-id=\"da67789\" data-element_type=\"section\">\n\t\t\t\t\t\t<div class=\"elementor-container elementor-column-gap-default\">\n\t\t\t\t\t<div class=\"elementor-column elementor-col-100 elementor-top-column elementor-element elementor-element-9ebce10\" data-id=\"9ebce10\" data-element_type=\"column\">\n\t\t\t<div class=\"elementor-widget-wrap elementor-element-populated\">\n\t\t\t\t\t\t\t\t<div class=\"elementor-element elementor-element-fc1f98b elementor-widget elementor-widget-image\" data-id=\"fc1f98b\" data-element_type=\"widget\" data-widget_type=\"image.default\">\n\t\t\t\t<div class=\"elementor-widget-container\">\n\t\t\t<style>\/*! elementor - v3.11.2 - 22-02-2023 *\/\n.elementor-widget-image{text-align:center}.elementor-widget-image a{display:inline-block}.elementor-widget-image a img[src$=\".svg\"]{width:48px}.elementor-widget-image img{vertical-align:middle;display:inline-block}<\/style>\t\t\t\t\t\t\t\t\t\t\t\t<img loading=\"lazy\" decoding=\"async\" width=\"1920\" height=\"1077\" src=\"https:\/\/caligrafiadivertida.com\/wp-content\/uploads\/2023\/01\/Amazon_Afiliados_Web_00.jpg\" class=\"attachment-full size-full wp-image-2191\" alt=\"\" srcset=\"https:\/\/caligrafiadivertida.com\/wp-content\/uploads\/2023\/01\/Amazon_Afiliados_Web_00.jpg 1920w, https:\/\/caligrafiadivertida.com\/wp-content\/uploads\/2023\/01\/Amazon_Afiliados_Web_00-300x168.jpg 300w, https:\/\/caligrafiadivertida.com\/wp-content\/uploads\/2023\/01\/Amazon_Afiliados_Web_00-1024x574.jpg 1024w, https:\/\/caligrafiadivertida.com\/wp-content\/uploads\/2023\/01\/Amazon_Afiliados_Web_00-768x431.jpg 768w, https:\/\/caligrafiadivertida.com\/wp-content\/uploads\/2023\/01\/Amazon_Afiliados_Web_00-1536x862.jpg 1536w, https:\/\/caligrafiadivertida.com\/wp-content\/uploads\/2023\/01\/Amazon_Afiliados_Web_00-18x10.jpg 18w\" sizes=\"auto, (max-width: 1920px) 100vw, 1920px\" \/>\t\t\t\t\t\t\t\t\t\t\t\t\t\t\t<\/div>\n\t\t\t\t<\/div>\n\t\t\t\t\t<\/div>\n\t\t<\/div>\n\t\t\t\t\t\t\t<\/div>\n\t\t<\/section>\n\t\t\t\t<section class=\"elementor-section elementor-top-section elementor-element elementor-element-7b6e491 elementor-section-boxed elementor-section-height-default elementor-section-height-default\" data-id=\"7b6e491\" data-element_type=\"section\">\n\t\t\t\t\t\t<div class=\"elementor-container elementor-column-gap-default\">\n\t\t\t\t\t<div class=\"elementor-column elementor-col-100 elementor-top-column elementor-element elementor-element-205c7ab\" data-id=\"205c7ab\" data-element_type=\"column\">\n\t\t\t<div class=\"elementor-widget-wrap elementor-element-populated\">\n\t\t\t\t\t\t\t\t<div class=\"elementor-element elementor-element-556c04c elementor-widget elementor-widget-text-editor\" data-id=\"556c04c\" data-element_type=\"widget\" data-widget_type=\"text-editor.default\">\n\t\t\t\t<div class=\"elementor-widget-container\">\n\t\t\t\t\t\t\t<p>Al iniciar el registro te pedir\u00e1n los <strong>datos de contacto<\/strong> as\u00ed como los <strong>sitios web o perfiles<\/strong> desde los que vas a interactuar y colocar los enlaces o banners de productos.<\/p><p>Una vez finalices el registro <strong>recibir\u00e1s un mail<\/strong> indicando que formas parte del programa de afiliados.<\/p><p>Desde ese momento ya <strong>podr\u00e1s compartir nuestros productos<\/strong> utilizando los c\u00f3digos <strong>ASIN<\/strong> que tienes en la secci\u00f3n <span style=\"color: #ff0000;\"><a style=\"color: #ff0000;\" title=\"Collections\" href=\"https:\/\/caligrafiadivertida.com\/en\/colecciones\/\">Collections<\/a><\/span> para colocarlos en los enlaces o hacerlo directamente usando la <strong>barra de navegaci\u00f3n que te aparecer\u00e1 en Amazon<\/strong>:<\/p>\t\t\t\t\t\t<\/div>\n\t\t\t\t<\/div>\n\t\t\t\t\t<\/div>\n\t\t<\/div>\n\t\t\t\t\t\t\t<\/div>\n\t\t<\/section>\n\t\t\t\t<section class=\"elementor-section elementor-top-section elementor-element elementor-element-41af789 elementor-section-boxed elementor-section-height-default elementor-section-height-default\" data-id=\"41af789\" data-element_type=\"section\">\n\t\t\t\t\t\t<div class=\"elementor-container elementor-column-gap-default\">\n\t\t\t\t\t<div class=\"elementor-column elementor-col-100 elementor-top-column elementor-element elementor-element-77b4719\" data-id=\"77b4719\" data-element_type=\"column\">\n\t\t\t<div class=\"elementor-widget-wrap elementor-element-populated\">\n\t\t\t\t\t\t\t\t<div class=\"elementor-element elementor-element-68b1737 elementor-widget elementor-widget-image\" data-id=\"68b1737\" data-element_type=\"widget\" data-widget_type=\"image.default\">\n\t\t\t\t<div class=\"elementor-widget-container\">\n\t\t\t\t\t\t\t\t\t\t\t\t\t\t\t<img loading=\"lazy\" decoding=\"async\" width=\"1920\" height=\"1077\" src=\"https:\/\/caligrafiadivertida.com\/wp-content\/uploads\/2023\/01\/Amazon_Afiliados_Web_01.jpg\" class=\"attachment-full size-full wp-image-2192\" alt=\"\" srcset=\"https:\/\/caligrafiadivertida.com\/wp-content\/uploads\/2023\/01\/Amazon_Afiliados_Web_01.jpg 1920w, https:\/\/caligrafiadivertida.com\/wp-content\/uploads\/2023\/01\/Amazon_Afiliados_Web_01-300x168.jpg 300w, https:\/\/caligrafiadivertida.com\/wp-content\/uploads\/2023\/01\/Amazon_Afiliados_Web_01-1024x574.jpg 1024w, https:\/\/caligrafiadivertida.com\/wp-content\/uploads\/2023\/01\/Amazon_Afiliados_Web_01-768x431.jpg 768w, https:\/\/caligrafiadivertida.com\/wp-content\/uploads\/2023\/01\/Amazon_Afiliados_Web_01-1536x862.jpg 1536w, https:\/\/caligrafiadivertida.com\/wp-content\/uploads\/2023\/01\/Amazon_Afiliados_Web_01-18x10.jpg 18w\" sizes=\"auto, (max-width: 1920px) 100vw, 1920px\" \/>\t\t\t\t\t\t\t\t\t\t\t\t\t\t\t<\/div>\n\t\t\t\t<\/div>\n\t\t\t\t\t<\/div>\n\t\t<\/div>\n\t\t\t\t\t\t\t<\/div>\n\t\t<\/section>\n\t\t\t\t<section class=\"elementor-section elementor-top-section elementor-element elementor-element-5552fde elementor-section-boxed elementor-section-height-default elementor-section-height-default\" data-id=\"5552fde\" data-element_type=\"section\">\n\t\t\t\t\t\t<div class=\"elementor-container elementor-column-gap-default\">\n\t\t\t\t\t<div class=\"elementor-column elementor-col-100 elementor-top-column elementor-element elementor-element-5ef3df6\" data-id=\"5ef3df6\" data-element_type=\"column\">\n\t\t\t<div class=\"elementor-widget-wrap elementor-element-populated\">\n\t\t\t\t\t\t\t\t<div class=\"elementor-element elementor-element-9c3b38e elementor-widget elementor-widget-text-editor\" data-id=\"9c3b38e\" data-element_type=\"widget\" data-widget_type=\"text-editor.default\">\n\t\t\t\t<div class=\"elementor-widget-container\">\n\t\t\t\t\t\t\t<p>Desde la barra de Afiliados cada vez que est\u00e9s en una ficha de producto podr\u00e1s generar <strong>un enlace que incluya tu c\u00f3digo de afiliado<\/strong> y as\u00ed poder beneficiarte cada vez que tus seguidores realicen una compra en Amazon.<\/p><p>Existe la opci\u00f3n de generar un enlace <strong>solo con texto<\/strong> y luego en tu web colocar cualquiera de nuestras <span style=\"color: #ff0000;\"><a style=\"color: #ff0000;\" title=\"Galer\u00eda\" href=\"https:\/\/caligrafiadivertida.com\/en\/galeria\/\">im\u00e1genes<\/a><\/span> para crear un banner:<\/p>\t\t\t\t\t\t<\/div>\n\t\t\t\t<\/div>\n\t\t\t\t\t<\/div>\n\t\t<\/div>\n\t\t\t\t\t\t\t<\/div>\n\t\t<\/section>\n\t\t\t\t<section class=\"elementor-section elementor-top-section elementor-element elementor-element-8df9d33 elementor-section-boxed elementor-section-height-default elementor-section-height-default\" data-id=\"8df9d33\" data-element_type=\"section\">\n\t\t\t\t\t\t<div class=\"elementor-container elementor-column-gap-default\">\n\t\t\t\t\t<div class=\"elementor-column elementor-col-100 elementor-top-column elementor-element elementor-element-68a8580\" data-id=\"68a8580\" data-element_type=\"column\">\n\t\t\t<div class=\"elementor-widget-wrap elementor-element-populated\">\n\t\t\t\t\t\t\t\t<div class=\"elementor-element elementor-element-8223b33 elementor-widget elementor-widget-image\" data-id=\"8223b33\" data-element_type=\"widget\" data-widget_type=\"image.default\">\n\t\t\t\t<div class=\"elementor-widget-container\">\n\t\t\t\t\t\t\t\t\t\t\t\t\t\t\t<img loading=\"lazy\" decoding=\"async\" width=\"1920\" height=\"1077\" src=\"https:\/\/caligrafiadivertida.com\/wp-content\/uploads\/2023\/01\/Amazon_Afiliados_Web_02.jpg\" class=\"attachment-full size-full wp-image-2193\" alt=\"\" srcset=\"https:\/\/caligrafiadivertida.com\/wp-content\/uploads\/2023\/01\/Amazon_Afiliados_Web_02.jpg 1920w, https:\/\/caligrafiadivertida.com\/wp-content\/uploads\/2023\/01\/Amazon_Afiliados_Web_02-300x168.jpg 300w, https:\/\/caligrafiadivertida.com\/wp-content\/uploads\/2023\/01\/Amazon_Afiliados_Web_02-1024x574.jpg 1024w, https:\/\/caligrafiadivertida.com\/wp-content\/uploads\/2023\/01\/Amazon_Afiliados_Web_02-768x431.jpg 768w, https:\/\/caligrafiadivertida.com\/wp-content\/uploads\/2023\/01\/Amazon_Afiliados_Web_02-1536x862.jpg 1536w, https:\/\/caligrafiadivertida.com\/wp-content\/uploads\/2023\/01\/Amazon_Afiliados_Web_02-18x10.jpg 18w\" sizes=\"auto, (max-width: 1920px) 100vw, 1920px\" \/>\t\t\t\t\t\t\t\t\t\t\t\t\t\t\t<\/div>\n\t\t\t\t<\/div>\n\t\t\t\t\t<\/div>\n\t\t<\/div>\n\t\t\t\t\t\t\t<\/div>\n\t\t<\/section>\n\t\t\t\t<section class=\"elementor-section elementor-top-section elementor-element elementor-element-d133816 elementor-section-boxed elementor-section-height-default elementor-section-height-default\" data-id=\"d133816\" data-element_type=\"section\">\n\t\t\t\t\t\t<div class=\"elementor-container elementor-column-gap-default\">\n\t\t\t\t\t<div class=\"elementor-column elementor-col-100 elementor-top-column elementor-element elementor-element-3b23b86\" data-id=\"3b23b86\" data-element_type=\"column\">\n\t\t\t<div class=\"elementor-widget-wrap elementor-element-populated\">\n\t\t\t\t\t\t\t\t<div class=\"elementor-element elementor-element-f9d3aad elementor-widget elementor-widget-text-editor\" data-id=\"f9d3aad\" data-element_type=\"widget\" data-widget_type=\"text-editor.default\">\n\t\t\t\t<div class=\"elementor-widget-container\">\n\t\t\t\t\t\t\t<p>Tambi\u00e9n puedes crear <strong>un enlace ya con la imagen y el texto<\/strong> seleccionando la otra opci\u00f3n. Esto te generar\u00e1 un c\u00f3digo que podr\u00edas colocar en tu web para mostrar un banner de compra sencillo que incluir\u00eda tu c\u00f3digo de afiliado:<\/p>\t\t\t\t\t\t<\/div>\n\t\t\t\t<\/div>\n\t\t\t\t\t<\/div>\n\t\t<\/div>\n\t\t\t\t\t\t\t<\/div>\n\t\t<\/section>\n\t\t\t\t<section class=\"elementor-section elementor-top-section elementor-element elementor-element-2f28b75 elementor-section-boxed elementor-section-height-default elementor-section-height-default\" data-id=\"2f28b75\" data-element_type=\"section\">\n\t\t\t\t\t\t<div class=\"elementor-container elementor-column-gap-default\">\n\t\t\t\t\t<div class=\"elementor-column elementor-col-100 elementor-top-column elementor-element elementor-element-4e5c159\" data-id=\"4e5c159\" data-element_type=\"column\">\n\t\t\t<div class=\"elementor-widget-wrap elementor-element-populated\">\n\t\t\t\t\t\t\t\t<div class=\"elementor-element elementor-element-8a004c7 elementor-widget elementor-widget-image\" data-id=\"8a004c7\" data-element_type=\"widget\" data-widget_type=\"image.default\">\n\t\t\t\t<div class=\"elementor-widget-container\">\n\t\t\t\t\t\t\t\t\t\t\t\t\t\t\t<img loading=\"lazy\" decoding=\"async\" width=\"1920\" height=\"1077\" src=\"https:\/\/caligrafiadivertida.com\/wp-content\/uploads\/2023\/01\/Amazon_Afiliados_Web_03.jpg\" class=\"attachment-full size-full wp-image-2194\" alt=\"\" srcset=\"https:\/\/caligrafiadivertida.com\/wp-content\/uploads\/2023\/01\/Amazon_Afiliados_Web_03.jpg 1920w, https:\/\/caligrafiadivertida.com\/wp-content\/uploads\/2023\/01\/Amazon_Afiliados_Web_03-300x168.jpg 300w, https:\/\/caligrafiadivertida.com\/wp-content\/uploads\/2023\/01\/Amazon_Afiliados_Web_03-1024x574.jpg 1024w, https:\/\/caligrafiadivertida.com\/wp-content\/uploads\/2023\/01\/Amazon_Afiliados_Web_03-768x431.jpg 768w, https:\/\/caligrafiadivertida.com\/wp-content\/uploads\/2023\/01\/Amazon_Afiliados_Web_03-1536x862.jpg 1536w, https:\/\/caligrafiadivertida.com\/wp-content\/uploads\/2023\/01\/Amazon_Afiliados_Web_03-18x10.jpg 18w\" sizes=\"auto, (max-width: 1920px) 100vw, 1920px\" \/>\t\t\t\t\t\t\t\t\t\t\t\t\t\t\t<\/div>\n\t\t\t\t<\/div>\n\t\t\t\t\t<\/div>\n\t\t<\/div>\n\t\t\t\t\t\t\t<\/div>\n\t\t<\/section>\n\t\t\t\t<section class=\"elementor-section elementor-top-section elementor-element elementor-element-c23038b elementor-section-boxed elementor-section-height-default elementor-section-height-default\" data-id=\"c23038b\" data-element_type=\"section\">\n\t\t\t\t\t\t<div class=\"elementor-container elementor-column-gap-default\">\n\t\t\t\t\t<div class=\"elementor-column elementor-col-100 elementor-top-column elementor-element elementor-element-4592c2d\" data-id=\"4592c2d\" data-element_type=\"column\">\n\t\t\t<div class=\"elementor-widget-wrap\">\n\t\t\t\t\t\t\t\t\t<\/div>\n\t\t<\/div>\n\t\t\t\t\t\t\t<\/div>\n\t\t<\/section>\n\t\t\t\t<section class=\"elementor-section elementor-top-section elementor-element elementor-element-954ba71 elementor-section-boxed elementor-section-height-default elementor-section-height-default\" data-id=\"954ba71\" data-element_type=\"section\">\n\t\t\t\t\t\t<div class=\"elementor-container elementor-column-gap-default\">\n\t\t\t\t\t<div class=\"elementor-column elementor-col-100 elementor-top-column elementor-element elementor-element-5007fd2\" data-id=\"5007fd2\" data-element_type=\"column\">\n\t\t\t<div class=\"elementor-widget-wrap elementor-element-populated\">\n\t\t\t\t\t\t\t\t<div class=\"elementor-element elementor-element-138e01d elementor-widget elementor-widget-text-editor\" data-id=\"138e01d\" data-element_type=\"widget\" data-widget_type=\"text-editor.default\">\n\t\t\t\t<div class=\"elementor-widget-container\">\n\t\t\t\t\t\t\t<p>Puedes encontrar nuestros <strong>c\u00f3digos de producto (ASIN)<\/strong> para copiar y pegar en tus enlaces, en la p\u00e1gina de cat\u00e1logo de <span style=\"color: #ff0000;\"><a style=\"color: #ff0000;\" title=\"Collections\" href=\"https:\/\/caligrafiadivertida.com\/en\/colecciones\/\">colecciones:<\/a><\/span><\/p>\t\t\t\t\t\t<\/div>\n\t\t\t\t<\/div>\n\t\t\t\t<div class=\"elementor-element elementor-element-946d51b elementor-widget elementor-widget-image\" data-id=\"946d51b\" data-element_type=\"widget\" data-widget_type=\"image.default\">\n\t\t\t\t<div class=\"elementor-widget-container\">\n\t\t\t\t\t\t\t\t\t\t\t\t\t\t\t\t<a href=\"https:\/\/caligrafiadivertida.com\/en\/colecciones\/\">\n\t\t\t\t\t\t\t<img loading=\"lazy\" decoding=\"async\" width=\"1920\" height=\"1077\" src=\"https:\/\/caligrafiadivertida.com\/wp-content\/uploads\/2023\/01\/Amazon_Afiliados_Web_04.jpg\" class=\"attachment-full size-full wp-image-2195\" alt=\"\" srcset=\"https:\/\/caligrafiadivertida.com\/wp-content\/uploads\/2023\/01\/Amazon_Afiliados_Web_04.jpg 1920w, https:\/\/caligrafiadivertida.com\/wp-content\/uploads\/2023\/01\/Amazon_Afiliados_Web_04-300x168.jpg 300w, https:\/\/caligrafiadivertida.com\/wp-content\/uploads\/2023\/01\/Amazon_Afiliados_Web_04-1024x574.jpg 1024w, https:\/\/caligrafiadivertida.com\/wp-content\/uploads\/2023\/01\/Amazon_Afiliados_Web_04-768x431.jpg 768w, https:\/\/caligrafiadivertida.com\/wp-content\/uploads\/2023\/01\/Amazon_Afiliados_Web_04-1536x862.jpg 1536w, https:\/\/caligrafiadivertida.com\/wp-content\/uploads\/2023\/01\/Amazon_Afiliados_Web_04-18x10.jpg 18w\" sizes=\"auto, (max-width: 1920px) 100vw, 1920px\" \/>\t\t\t\t\t\t\t\t<\/a>\n\t\t\t\t\t\t\t\t\t\t\t\t\t\t\t<\/div>\n\t\t\t\t<\/div>\n\t\t\t\t<div class=\"elementor-element elementor-element-13781ad elementor-widget elementor-widget-text-editor\" data-id=\"13781ad\" data-element_type=\"widget\" data-widget_type=\"text-editor.default\">\n\t\t\t\t<div class=\"elementor-widget-container\">\n\t\t\t\t\t\t\t\t\t\t\t\t\t<\/div>\n\t\t\t\t<\/div>\n\t\t\t\t\t<\/div>\n\t\t<\/div>\n\t\t\t\t\t\t\t<\/div>\n\t\t<\/section>\n\t\t\t\t\t\t\t<\/div>","protected":false},"excerpt":{"rendered":"<p>\u00bf Tienes una p\u00e1gina web? \u00bf Un blog, o un perfil en redes sociales con seguidores ? En este art\u00edculo vamos a mostrarte c\u00f3mo puedes beneficiarte recomendando nuestros productos utilizando la plataforma de afiliados de Amazon. Lo primero es que tengas una cuenta en Amazon y as\u00ed poder darte de alta en el programa de &hellip; <br \/><a href=\"https:\/\/caligrafiadivertida.com\/en\/colaboradores\/\" class=\"more-link\">Continue reading <span class=\"screen-reader-text\">Colaboradores<\/span><\/a><\/p>","protected":false},"author":1,"featured_media":0,"parent":0,"menu_order":0,"comment_status":"closed","ping_status":"closed","template":"elementor_header_footer","meta":{"jetpack_post_was_ever_published":false,"footnotes":""},"class_list":["post-2109","page","type-page","status-publish","hentry"],"aioseo_notices":[],"_links":{"self":[{"href":"https:\/\/caligrafiadivertida.com\/en\/wp-json\/wp\/v2\/pages\/2109","targetHints":{"allow":["GET"]}}],"collection":[{"href":"https:\/\/caligrafiadivertida.com\/en\/wp-json\/wp\/v2\/pages"}],"about":[{"href":"https:\/\/caligrafiadivertida.com\/en\/wp-json\/wp\/v2\/types\/page"}],"author":[{"embeddable":true,"href":"https:\/\/caligrafiadivertida.com\/en\/wp-json\/wp\/v2\/users\/1"}],"replies":[{"embeddable":true,"href":"https:\/\/caligrafiadivertida.com\/en\/wp-json\/wp\/v2\/comments?post=2109"}],"version-history":[{"count":59,"href":"https:\/\/caligrafiadivertida.com\/en\/wp-json\/wp\/v2\/pages\/2109\/revisions"}],"predecessor-version":[{"id":2210,"href":"https:\/\/caligrafiadivertida.com\/en\/wp-json\/wp\/v2\/pages\/2109\/revisions\/2210"}],"wp:attachment":[{"href":"https:\/\/caligrafiadivertida.com\/en\/wp-json\/wp\/v2\/media?parent=2109"}],"curies":[{"name":"wp","href":"https:\/\/api.w.org\/{rel}","templated":true}]}}